{"id":65744,"date":"2025-02-05T17:59:39","date_gmt":"2025-02-05T16:59:39","guid":{"rendered":"https:\/\/professional.vvardis.com\/?page_id=65744"},"modified":"2025-12-12T22:28:57","modified_gmt":"2025-12-12T21:28:57","slug":"formulaire-evenementiel","status":"publish","type":"page","link":"https:\/\/professional.vvardis.com\/fr\/formulaire-evenementiel\/","title":{"rendered":"Formulaire \u00e9v\u00e9nementiel"},"content":{"rendered":"\t\t<div data-elementor-type=\"wp-page\" data-elementor-id=\"65744\" class=\"elementor elementor-65744 elementor-15362\" data-elementor-post-type=\"page\">\n\t\t\t\t\t\t<section class=\"elementor-section elementor-top-section elementor-element elementor-element-02484a0 elementor-section-boxed elementor-section-height-default elementor-section-height-default\" data-id=\"02484a0\" data-element_type=\"section\" data-e-type=\"section\">\n\t\t\t\t\t\t<div class=\"elementor-container elementor-column-gap-default\">\n\t\t\t\t\t<div class=\"elementor-column elementor-col-100 elementor-top-column elementor-element elementor-element-5031ae1\" data-id=\"5031ae1\" data-element_type=\"column\" data-e-type=\"column\">\n\t\t\t<div class=\"elementor-widget-wrap elementor-element-populated\">\n\t\t\t\t\t\t<div class=\"elementor-element elementor-element-25093ee elementor-widget elementor-widget-heading\" data-id=\"25093ee\" data-element_type=\"widget\" data-e-type=\"widget\" data-widget_type=\"heading.default\">\n\t\t\t\t<div class=\"elementor-widget-container\">\n\t\t\t\t\t<h1 class=\"elementor-heading-title elementor-size-default\">Restez connect\u00e9 \u2013 Rejoignez notre communaut\u00e9 vVARDIS<\/h1>\t\t\t\t<\/div>\n\t\t\t\t<\/div>\n\t\t\t\t<div class=\"elementor-element elementor-element-1db2316 dd-ele-form elementor-button-align-stretch elementor-widget elementor-widget-form\" data-id=\"1db2316\" data-element_type=\"widget\" data-e-type=\"widget\" data-settings=\"{&quot;step_next_label&quot;:&quot;Successivo&quot;,&quot;step_previous_label&quot;:&quot;Precedente&quot;,&quot;button_width&quot;:&quot;100&quot;,&quot;step_type&quot;:&quot;number_text&quot;,&quot;step_icon_shape&quot;:&quot;circle&quot;}\" data-widget_type=\"form.default\">\n\t\t\t\t<div class=\"elementor-widget-container\">\n\t\t\t\t\t\t\t<form class=\"elementor-form\" method=\"post\" name=\"Modulo Evento\" aria-label=\"Modulo Evento\">\n\t\t\t<input type=\"hidden\" name=\"post_id\" value=\"65744\"\/>\n\t\t\t<input type=\"hidden\" name=\"form_id\" value=\"1db2316\"\/>\n\t\t\t<input type=\"hidden\" name=\"referer_title\" value=\"Formulaire \u00e9v\u00e9nementiel - vVARDIS Switzerland - Biomimetic Dental Science\" \/>\n\n\t\t\t\t\t\t\t<input type=\"hidden\" name=\"queried_id\" value=\"65744\"\/>\n\t\t\t\n\t\t\t<div class=\"elementor-form-fields-wrapper elementor-labels-\">\n\t\t\t\t\t\t\t\t<div class=\"elementor-field-type-text elementor-field-group elementor-column elementor-field-group-field_ccd7f1e elementor-col-50 elementor-field-required\">\n\t\t\t\t\t\t\t\t\t\t\t\t<label for=\"form-field-field_ccd7f1e\" class=\"elementor-field-label elementor-screen-only\">\n\t\t\t\t\t\t\t\tPr\u00e9nom\t\t\t\t\t\t\t<\/label>\n\t\t\t\t\t\t\t\t\t\t\t\t\t\t<input size=\"1\" type=\"text\" name=\"form_fields[field_ccd7f1e]\" id=\"form-field-field_ccd7f1e\" class=\"elementor-field elementor-size-lg  elementor-field-textual\" placeholder=\"Pr\u00e9nom*\" required=\"required\">\n\t\t\t\t\t\t\t\t\t\t\t<\/div>\n\t\t\t\t\t\t\t\t<div class=\"elementor-field-type-text elementor-field-group elementor-column elementor-field-group-field_eec7a49 elementor-col-50 elementor-field-required\">\n\t\t\t\t\t\t\t\t\t\t\t\t<label for=\"form-field-field_eec7a49\" class=\"elementor-field-label elementor-screen-only\">\n\t\t\t\t\t\t\t\tNom\t\t\t\t\t\t\t<\/label>\n\t\t\t\t\t\t\t\t\t\t\t\t\t\t<input size=\"1\" type=\"text\" name=\"form_fields[field_eec7a49]\" id=\"form-field-field_eec7a49\" class=\"elementor-field elementor-size-lg  elementor-field-textual\" placeholder=\"Nom*\" required=\"required\">\n\t\t\t\t\t\t\t\t\t\t\t<\/div>\n\t\t\t\t\t\t\t\t<div class=\"elementor-field-type-email elementor-field-group elementor-column elementor-field-group-field_96c1208 elementor-col-100 elementor-field-required\">\n\t\t\t\t\t\t\t\t\t\t\t\t<label for=\"form-field-field_96c1208\" class=\"elementor-field-label elementor-screen-only\">\n\t\t\t\t\t\t\t\tEmail professionnel\t\t\t\t\t\t\t<\/label>\n\t\t\t\t\t\t\t\t\t\t\t\t\t\t<input size=\"1\" type=\"email\" name=\"form_fields[field_96c1208]\" id=\"form-field-field_96c1208\" class=\"elementor-field elementor-size-lg  elementor-field-textual\" placeholder=\"Email professionnel*\" required=\"required\">\n\t\t\t\t\t\t\t\t\t\t\t<\/div>\n\t\t\t\t\t\t\t\t<div class=\"elementor-field-type-text elementor-field-group elementor-column elementor-field-group-field_119bc8f elementor-col-50 elementor-field-required\">\n\t\t\t\t\t\t\t\t\t\t\t\t<label for=\"form-field-field_119bc8f\" class=\"elementor-field-label elementor-screen-only\">\n\t\t\t\t\t\t\t\tNom du cabinet\t\t\t\t\t\t\t<\/label>\n\t\t\t\t\t\t\t\t\t\t\t\t\t\t<input size=\"1\" type=\"text\" name=\"form_fields[field_119bc8f]\" id=\"form-field-field_119bc8f\" class=\"elementor-field elementor-size-lg  elementor-field-textual\" placeholder=\"Nom du cabinet*\" required=\"required\">\n\t\t\t\t\t\t\t\t\t\t\t<\/div>\n\t\t\t\t\t\t\t\t<div class=\"elementor-field-type-text elementor-field-group elementor-column elementor-field-group-field_40d00ff elementor-col-50 elementor-field-required\">\n\t\t\t\t\t\t\t\t\t\t\t\t<label for=\"form-field-field_40d00ff\" class=\"elementor-field-label elementor-screen-only\">\n\t\t\t\t\t\t\t\tAdresse du cabinet\t\t\t\t\t\t\t<\/label>\n\t\t\t\t\t\t\t\t\t\t\t\t\t\t<input size=\"1\" type=\"text\" name=\"form_fields[field_40d00ff]\" id=\"form-field-field_40d00ff\" class=\"elementor-field elementor-size-lg  elementor-field-textual\" placeholder=\"Adresse du cabinet*\" required=\"required\">\n\t\t\t\t\t\t\t\t\t\t\t<\/div>\n\t\t\t\t\t\t\t\t<div class=\"elementor-field-type-text elementor-field-group elementor-column elementor-field-group-field_968cd10 elementor-col-50 elementor-field-required\">\n\t\t\t\t\t\t\t\t\t\t\t\t<label for=\"form-field-field_968cd10\" class=\"elementor-field-label elementor-screen-only\">\n\t\t\t\t\t\t\t\tVille du cabinet\t\t\t\t\t\t\t<\/label>\n\t\t\t\t\t\t\t\t\t\t\t\t\t\t<input size=\"1\" type=\"text\" name=\"form_fields[field_968cd10]\" id=\"form-field-field_968cd10\" class=\"elementor-field elementor-size-lg  elementor-field-textual\" placeholder=\"Ville du cabinet*\" required=\"required\">\n\t\t\t\t\t\t\t\t\t\t\t<\/div>\n\t\t\t\t\t\t\t\t<div class=\"elementor-field-type-number elementor-field-group elementor-column elementor-field-group-field_5b8add0 elementor-col-50 elementor-field-required\">\n\t\t\t\t\t\t\t\t\t\t\t\t<label for=\"form-field-field_5b8add0\" class=\"elementor-field-label elementor-screen-only\">\n\t\t\t\t\t\t\t\tCode postal du cabinet\t\t\t\t\t\t\t<\/label>\n\t\t\t\t\t\t\t\t\t<input type=\"number\" name=\"form_fields[field_5b8add0]\" id=\"form-field-field_5b8add0\" class=\"elementor-field elementor-size-lg  elementor-field-textual\" placeholder=\"Code postal du cabinet*\" required=\"required\" min=\"\" max=\"\" >\n\t\t\t\t\t\t<\/div>\n\t\t\t\t\t\t\t\t<div class=\"elementor-field-type-tel elementor-field-group elementor-column elementor-field-group-field_6abdd0d elementor-col-50 elementor-field-required\">\n\t\t\t\t\t\t\t\t\t\t\t\t<label for=\"form-field-field_6abdd0d\" class=\"elementor-field-label elementor-screen-only\">\n\t\t\t\t\t\t\t\tNum\u00e9ro de t\u00e9l\u00e9phone du cabinet\t\t\t\t\t\t\t<\/label>\n\t\t\t\t\t\t\t\t<input size=\"1\" type=\"tel\" name=\"form_fields[field_6abdd0d]\" id=\"form-field-field_6abdd0d\" class=\"elementor-field elementor-size-lg  elementor-field-textual\" placeholder=\"Num\u00e9ro de t\u00e9l\u00e9phone du cabinet*\" required=\"required\" pattern=\"[0-9()#&amp;+*-=.]+\" title=\"Seuls les caract\u00e8res de num\u00e9ros de t\u00e9l\u00e9phone (#, -, *, etc.) sont accept\u00e9s.\">\n\n\t\t\t\t\t\t<\/div>\n\t\t\t\t\t\t\t\t<div class=\"elementor-field-type-email elementor-field-group elementor-column elementor-field-group-field_bf976a1 elementor-col-50\">\n\t\t\t\t\t\t\t\t\t\t\t\t<label for=\"form-field-field_bf976a1\" class=\"elementor-field-label elementor-screen-only\">\n\t\t\t\t\t\t\t\tEmail professionnel\t\t\t\t\t\t\t<\/label>\n\t\t\t\t\t\t\t\t\t\t\t\t\t\t<input size=\"1\" type=\"email\" name=\"form_fields[field_bf976a1]\" id=\"form-field-field_bf976a1\" class=\"elementor-field elementor-size-lg  elementor-field-textual\" placeholder=\"Email professionnel\">\n\t\t\t\t\t\t\t\t\t\t\t<\/div>\n\t\t\t\t\t\t\t\t<div class=\"elementor-field-type-select elementor-field-group elementor-column elementor-field-group-field_8421e98 elementor-col-60 elementor-field-required\">\n\t\t\t\t\t\t\t\t\t\t\t\t<label for=\"form-field-field_8421e98\" class=\"elementor-field-label elementor-screen-only\">\n\t\t\t\t\t\t\t\tQuel est votre r\u00f4le\t\t\t\t\t\t\t<\/label>\n\t\t\t\t\t\t\t\t<div class=\"elementor-field elementor-select-wrapper remove-before \">\n\t\t\t<div class=\"select-caret-down-wrapper\">\n\t\t\t\t<i aria-hidden=\"true\" class=\"eicon-caret-down\"><\/i>\t\t\t<\/div>\n\t\t\t<select name=\"form_fields[field_8421e98]\" id=\"form-field-field_8421e98\" class=\"elementor-field-textual elementor-size-lg\" required=\"required\">\n\t\t\t\t\t\t\t\t\t<option value=\"\">Quel est votre r\u00f4le*<\/option>\n\t\t\t\t\t\t\t\t\t<option value=\"Dentiste\">Dentiste<\/option>\n\t\t\t\t\t\t\t\t\t<option value=\"Hygi\u00e9niste dentaire\">Hygi\u00e9niste dentaire<\/option>\n\t\t\t\t\t\t\t\t\t<option value=\"Responsable du cabinet m\u00e9dical\">Responsable du cabinet m\u00e9dical<\/option>\n\t\t\t\t\t\t\t\t\t<option value=\"Personnel\">Personnel<\/option>\n\t\t\t\t\t\t\t\t\t<option value=\"Entreprise\">Entreprise<\/option>\n\t\t\t\t\t\t\t\t\t<option value=\"Autre\">Autre<\/option>\n\t\t\t\t\t\t\t<\/select>\n\t\t<\/div>\n\t\t\t\t\t\t<\/div>\n\t\t\t\t\t\t\t\t<div class=\"elementor-field-type-text elementor-field-group elementor-column elementor-field-group-field_7129772 elementor-col-40\">\n\t\t\t\t\t\t\t\t\t\t\t\t<label for=\"form-field-field_7129772\" class=\"elementor-field-label elementor-screen-only\">\n\t\t\t\t\t\t\t\tSi \"Autre\", pr\u00e9cisez\t\t\t\t\t\t\t<\/label>\n\t\t\t\t\t\t\t\t\t\t\t\t\t\t<input size=\"1\" type=\"text\" name=\"form_fields[field_7129772]\" id=\"form-field-field_7129772\" class=\"elementor-field elementor-size-lg  elementor-field-textual\" placeholder=\"Si &quot;Autre&quot;, pr\u00e9cisez\">\n\t\t\t\t\t\t\t\t\t\t\t<\/div>\n\t\t\t\t\t\t\t\t<div class=\"elementor-field-type-select elementor-field-group elementor-column elementor-field-group-field_e9d3289 elementor-col-60 elementor-field-required\">\n\t\t\t\t\t\t\t\t\t\t\t\t<label for=\"form-field-field_e9d3289\" class=\"elementor-field-label elementor-screen-only\">\n\t\t\t\t\t\t\t\t\u00cates-vous d\u00e9j\u00e0 client vVARDIS?\t\t\t\t\t\t\t<\/label>\n\t\t\t\t\t\t\t\t<div class=\"elementor-field elementor-select-wrapper remove-before \">\n\t\t\t<div class=\"select-caret-down-wrapper\">\n\t\t\t\t<i aria-hidden=\"true\" class=\"eicon-caret-down\"><\/i>\t\t\t<\/div>\n\t\t\t<select name=\"form_fields[field_e9d3289]\" id=\"form-field-field_e9d3289\" class=\"elementor-field-textual elementor-size-lg\" required=\"required\">\n\t\t\t\t\t\t\t\t\t<option value=\"\">\u00cates-vous d\u00e9j\u00e0 client vVARDIS?*<\/option>\n\t\t\t\t\t\t\t\t\t<option value=\"Oui\">Oui<\/option>\n\t\t\t\t\t\t\t\t\t<option value=\"Non\">Non<\/option>\n\t\t\t\t\t\t\t\t\t<option value=\"Autre\">Autre<\/option>\n\t\t\t\t\t\t\t<\/select>\n\t\t<\/div>\n\t\t\t\t\t\t<\/div>\n\t\t\t\t\t\t\t\t<div class=\"elementor-field-type-text elementor-field-group elementor-column elementor-field-group-field_6011fe0 elementor-col-40\">\n\t\t\t\t\t\t\t\t\t\t\t\t<label for=\"form-field-field_6011fe0\" class=\"elementor-field-label elementor-screen-only\">\n\t\t\t\t\t\t\t\tSi \"Autre\", pr\u00e9cisez\t\t\t\t\t\t\t<\/label>\n\t\t\t\t\t\t\t\t\t\t\t\t\t\t<input size=\"1\" type=\"text\" name=\"form_fields[field_6011fe0]\" id=\"form-field-field_6011fe0\" class=\"elementor-field elementor-size-lg  elementor-field-textual\" placeholder=\"Si &quot;Autre&quot;, pr\u00e9cisez\">\n\t\t\t\t\t\t\t\t\t\t\t<\/div>\n\t\t\t\t\t\t\t\t<div class=\"elementor-field-type-acceptance elementor-field-group elementor-column elementor-field-group-field_625a7da elementor-col-100 elementor-field-required\">\n\t\t\t\t\t\t\t\t\t\t\t\t<label for=\"form-field-field_625a7da\" class=\"elementor-field-label elementor-screen-only\">\n\t\t\t\t\t\t\t\tPrivacy Policy Acceptance\t\t\t\t\t\t\t<\/label>\n\t\t\t\t\t\t\t\t<div class=\"elementor-field-subgroup\">\n\t\t\t<span class=\"elementor-field-option\">\n\t\t\t\t<input type=\"checkbox\" name=\"form_fields[field_625a7da]\" id=\"form-field-field_625a7da\" class=\"elementor-field elementor-size-lg  elementor-acceptance-field\" required=\"required\">\n\t\t\t\t<label for=\"form-field-field_625a7da\">J\u2019ai lu et compris la note  <u><a href=\"https:\/\/professional.vvardis.com\/fr\/privacy-policy\/\">d\u2019information<\/a><\/u> *<\/label>\t\t\t<\/span>\n\t\t<\/div>\n\t\t\t\t\t\t<\/div>\n\t\t\t\t\t\t\t\t<div class=\"elementor-field-type-acceptance elementor-field-group elementor-column elementor-field-group-field_da6f5c4 elementor-col-100\">\n\t\t\t\t\t\t\t\t\t\t\t\t<label for=\"form-field-field_da6f5c4\" class=\"elementor-field-label elementor-screen-only\">\n\t\t\t\t\t\t\t\tMarketing Acceptance\t\t\t\t\t\t\t<\/label>\n\t\t\t\t\t\t\t\t<div class=\"elementor-field-subgroup\">\n\t\t\t<span class=\"elementor-field-option\">\n\t\t\t\t<input type=\"checkbox\" name=\"form_fields[field_da6f5c4]\" id=\"form-field-field_da6f5c4\" class=\"elementor-field elementor-size-lg  elementor-acceptance-field\" checked=\"checked\">\n\t\t\t\t<label for=\"form-field-field_da6f5c4\">Oui, je souhaite \u00eatre contact\u00e9 pour plus d\u2019informations sur Curodont et vVARDIS.<\/label>\t\t\t<\/span>\n\t\t<\/div>\n\t\t\t\t\t\t<\/div>\n\t\t\t\t\t\t\t\t<div class=\"elementor-field-type-html elementor-field-group elementor-column elementor-field-group-field_ed0658c elementor-col-100\">\n\t\t\t\t\tVos donn\u00e9es seront trait\u00e9es par vVARDIS conform\u00e9ment au RGPD, au RGPD britannique et \u00e0 la nFADP suisse. Vous pouvez retirer votre consentement \u00e0 tout moment \u2014 voir notre  <a href=\"https:\/\/professional.vvardis.com\/fr\/privacy-policy\/\"><u>politique de confidentialit\u00e9<\/u><\/a>.\t\t\t\t<\/div>\n\t\t\t\t\t\t\t\t<div class=\"elementor-field-group elementor-column elementor-field-type-submit elementor-col-100 e-form__buttons\">\n\t\t\t\t\t<button class=\"elementor-button elementor-size-lg\" type=\"submit\">\n\t\t\t\t\t\t<span class=\"elementor-button-content-wrapper\">\n\t\t\t\t\t\t\t\t\t\t\t\t\t\t\t\t\t\t\t\t\t\t<span class=\"elementor-button-text\">Envoyer<\/span>\n\t\t\t\t\t\t\t\t\t\t\t\t\t<\/span>\n\t\t\t\t\t<\/button>\n\t\t\t\t<\/div>\n\t\t\t<\/div>\n\t\t<\/form>\n\t\t\t\t\t\t<\/div>\n\t\t\t\t<\/div>\n\t\t\t\t<div class=\"elementor-element elementor-element-cbde899 elementor-widget elementor-widget-html\" data-id=\"cbde899\" data-element_type=\"widget\" data-e-type=\"widget\" data-widget_type=\"html.default\">\n\t\t\t\t<div class=\"elementor-widget-container\">\n\t\t\t\t\t<script>\n\/* \nCreate placeholders for dropdowns.\nEffectivelly it disables the first option. \nFrom this page: \nhttps:\/\/daveden.co.uk\/tutorials\/add-placeholders-to-select-fields-in-elementor-pro-form\n*\/\ndocument.addEventListener('DOMContentLoaded', () => {\n    \/\/ Find all forms with class name \"dd-ele-form\"\n    const forms = document.querySelectorAll('.dd-ele-form');\n\n    forms.forEach(form => {\n        const selects = form.querySelectorAll('select[required]');\n\n        selects.forEach(select => {\n            if (select.options.length > 0 && select.options[0].value.trim() === '') {\n                select.options[0].disabled = true;\n                \/\/ Optionally add CSS for better UX:\n                select.options[0].style.display = 'none';\n            }\n        });\n    });\n});\n<\/script>\t\t\t\t<\/div>\n\t\t\t\t<\/div>\n\t\t\t\t\t<\/div>\n\t\t<\/div>\n\t\t\t\t\t<\/div>\n\t\t<\/section>\n\t\t\t\t<\/div>\n\t\t","protected":false},"excerpt":{"rendered":"<p>Restez connect\u00e9 \u2013 Rejoignez notre communaut\u00e9 vVARDIS<\/p>\n","protected":false},"author":15,"featured_media":0,"parent":0,"menu_order":0,"comment_status":"closed","ping_status":"closed","template":"","meta":{"_acf_changed":false,"footnotes":""},"class_list":["post-65744","page","type-page","status-publish","hentry"],"acf":[],"yoast_head":"<!-- This site is optimized with the Yoast SEO plugin v27.4 - https:\/\/yoast.com\/product\/yoast-seo-wordpress\/ -->\n<title>Formulaire \u00e9v\u00e9nementiel - vVARDIS Switzerland - Biomimetic Dental Science<\/title>\n<meta name=\"robots\" content=\"index, follow, max-snippet:-1, max-image-preview:large, max-video-preview:-1\" \/>\n<link rel=\"canonical\" href=\"https:\/\/professional.vvardis.com\/fr\/formulaire-evenementiel\/\" \/>\n<meta property=\"og:locale\" content=\"fr_FR\" \/>\n<meta property=\"og:type\" content=\"article\" \/>\n<meta property=\"og:title\" content=\"Formulaire \u00e9v\u00e9nementiel - vVARDIS Switzerland - Biomimetic Dental Science\" \/>\n<meta property=\"og:description\" content=\"Restez connect\u00e9 \u2013 Rejoignez notre communaut\u00e9 vVARDIS\" \/>\n<meta property=\"og:url\" content=\"https:\/\/professional.vvardis.com\/fr\/formulaire-evenementiel\/\" \/>\n<meta property=\"og:site_name\" content=\"vVARDIS Switzerland - Biomimetic Dental Science\" \/>\n<meta property=\"article:modified_time\" content=\"2025-12-12T21:28:57+00:00\" \/>\n<meta name=\"twitter:card\" content=\"summary_large_image\" \/>\n<meta name=\"twitter:label1\" content=\"Dur\u00e9e de lecture estim\u00e9e\" \/>\n\t<meta name=\"twitter:data1\" content=\"1 minute\" \/>\n<script type=\"application\/ld+json\" class=\"yoast-schema-graph\">{\"@context\":\"https:\\\/\\\/schema.org\",\"@graph\":[{\"@type\":\"WebPage\",\"@id\":\"https:\\\/\\\/professional.vvardis.com\\\/fr\\\/formulaire-evenementiel\\\/\",\"url\":\"https:\\\/\\\/professional.vvardis.com\\\/fr\\\/formulaire-evenementiel\\\/\",\"name\":\"Formulaire \u00e9v\u00e9nementiel - vVARDIS Switzerland - Biomimetic Dental Science\",\"isPartOf\":{\"@id\":\"https:\\\/\\\/professional.vvardis.com\\\/fr\\\/#website\"},\"datePublished\":\"2025-02-05T16:59:39+00:00\",\"dateModified\":\"2025-12-12T21:28:57+00:00\",\"breadcrumb\":{\"@id\":\"https:\\\/\\\/professional.vvardis.com\\\/fr\\\/formulaire-evenementiel\\\/#breadcrumb\"},\"inLanguage\":\"fr-FR\",\"potentialAction\":[{\"@type\":\"ReadAction\",\"target\":[\"https:\\\/\\\/professional.vvardis.com\\\/fr\\\/formulaire-evenementiel\\\/\"]}]},{\"@type\":\"BreadcrumbList\",\"@id\":\"https:\\\/\\\/professional.vvardis.com\\\/fr\\\/formulaire-evenementiel\\\/#breadcrumb\",\"itemListElement\":[{\"@type\":\"ListItem\",\"position\":1,\"name\":\"Home\",\"item\":\"https:\\\/\\\/professional.vvardis.com\\\/fr\\\/\"},{\"@type\":\"ListItem\",\"position\":2,\"name\":\"Formulaire \u00e9v\u00e9nementiel\"}]},{\"@type\":\"WebSite\",\"@id\":\"https:\\\/\\\/professional.vvardis.com\\\/fr\\\/#website\",\"url\":\"https:\\\/\\\/professional.vvardis.com\\\/fr\\\/\",\"name\":\"vVARDIS Switzerland - Biomimetic Dental Science\",\"description\":\"\",\"publisher\":{\"@id\":\"https:\\\/\\\/professional.vvardis.com\\\/fr\\\/#organization\"},\"potentialAction\":[{\"@type\":\"SearchAction\",\"target\":{\"@type\":\"EntryPoint\",\"urlTemplate\":\"https:\\\/\\\/professional.vvardis.com\\\/fr\\\/?s={search_term_string}\"},\"query-input\":{\"@type\":\"PropertyValueSpecification\",\"valueRequired\":true,\"valueName\":\"search_term_string\"}}],\"inLanguage\":\"fr-FR\"},{\"@type\":\"Organization\",\"@id\":\"https:\\\/\\\/professional.vvardis.com\\\/fr\\\/#organization\",\"name\":\"vVARDIS Switzerland\",\"url\":\"https:\\\/\\\/professional.vvardis.com\\\/fr\\\/\",\"logo\":{\"@type\":\"ImageObject\",\"inLanguage\":\"fr-FR\",\"@id\":\"https:\\\/\\\/professional.vvardis.com\\\/fr\\\/#\\\/schema\\\/logo\\\/image\\\/\",\"url\":\"https:\\\/\\\/professional.vvardis.com\\\/wp-content\\\/uploads\\\/2022\\\/04\\\/vvardis-logo.png\",\"contentUrl\":\"https:\\\/\\\/professional.vvardis.com\\\/wp-content\\\/uploads\\\/2022\\\/04\\\/vvardis-logo.png\",\"width\":400,\"height\":148,\"caption\":\"vVARDIS Switzerland\"},\"image\":{\"@id\":\"https:\\\/\\\/professional.vvardis.com\\\/fr\\\/#\\\/schema\\\/logo\\\/image\\\/\"}}]}<\/script>\n<!-- \/ Yoast SEO plugin. -->","yoast_head_json":{"title":"Formulaire \u00e9v\u00e9nementiel - vVARDIS Switzerland - Biomimetic Dental Science","robots":{"index":"index","follow":"follow","max-snippet":"max-snippet:-1","max-image-preview":"max-image-preview:large","max-video-preview":"max-video-preview:-1"},"canonical":"https:\/\/professional.vvardis.com\/fr\/formulaire-evenementiel\/","og_locale":"fr_FR","og_type":"article","og_title":"Formulaire \u00e9v\u00e9nementiel - vVARDIS Switzerland - Biomimetic Dental Science","og_description":"Restez connect\u00e9 \u2013 Rejoignez notre communaut\u00e9 vVARDIS","og_url":"https:\/\/professional.vvardis.com\/fr\/formulaire-evenementiel\/","og_site_name":"vVARDIS Switzerland - Biomimetic Dental Science","article_modified_time":"2025-12-12T21:28:57+00:00","twitter_card":"summary_large_image","twitter_misc":{"Dur\u00e9e de lecture estim\u00e9e":"1 minute"},"schema":{"@context":"https:\/\/schema.org","@graph":[{"@type":"WebPage","@id":"https:\/\/professional.vvardis.com\/fr\/formulaire-evenementiel\/","url":"https:\/\/professional.vvardis.com\/fr\/formulaire-evenementiel\/","name":"Formulaire \u00e9v\u00e9nementiel - vVARDIS Switzerland - Biomimetic Dental Science","isPartOf":{"@id":"https:\/\/professional.vvardis.com\/fr\/#website"},"datePublished":"2025-02-05T16:59:39+00:00","dateModified":"2025-12-12T21:28:57+00:00","breadcrumb":{"@id":"https:\/\/professional.vvardis.com\/fr\/formulaire-evenementiel\/#breadcrumb"},"inLanguage":"fr-FR","potentialAction":[{"@type":"ReadAction","target":["https:\/\/professional.vvardis.com\/fr\/formulaire-evenementiel\/"]}]},{"@type":"BreadcrumbList","@id":"https:\/\/professional.vvardis.com\/fr\/formulaire-evenementiel\/#breadcrumb","itemListElement":[{"@type":"ListItem","position":1,"name":"Home","item":"https:\/\/professional.vvardis.com\/fr\/"},{"@type":"ListItem","position":2,"name":"Formulaire \u00e9v\u00e9nementiel"}]},{"@type":"WebSite","@id":"https:\/\/professional.vvardis.com\/fr\/#website","url":"https:\/\/professional.vvardis.com\/fr\/","name":"vVARDIS Switzerland - Biomimetic Dental Science","description":"","publisher":{"@id":"https:\/\/professional.vvardis.com\/fr\/#organization"},"potentialAction":[{"@type":"SearchAction","target":{"@type":"EntryPoint","urlTemplate":"https:\/\/professional.vvardis.com\/fr\/?s={search_term_string}"},"query-input":{"@type":"PropertyValueSpecification","valueRequired":true,"valueName":"search_term_string"}}],"inLanguage":"fr-FR"},{"@type":"Organization","@id":"https:\/\/professional.vvardis.com\/fr\/#organization","name":"vVARDIS Switzerland","url":"https:\/\/professional.vvardis.com\/fr\/","logo":{"@type":"ImageObject","inLanguage":"fr-FR","@id":"https:\/\/professional.vvardis.com\/fr\/#\/schema\/logo\/image\/","url":"https:\/\/professional.vvardis.com\/wp-content\/uploads\/2022\/04\/vvardis-logo.png","contentUrl":"https:\/\/professional.vvardis.com\/wp-content\/uploads\/2022\/04\/vvardis-logo.png","width":400,"height":148,"caption":"vVARDIS Switzerland"},"image":{"@id":"https:\/\/professional.vvardis.com\/fr\/#\/schema\/logo\/image\/"}}]}},"_links":{"self":[{"href":"https:\/\/professional.vvardis.com\/fr\/wp-json\/wp\/v2\/pages\/65744","targetHints":{"allow":["GET"]}}],"collection":[{"href":"https:\/\/professional.vvardis.com\/fr\/wp-json\/wp\/v2\/pages"}],"about":[{"href":"https:\/\/professional.vvardis.com\/fr\/wp-json\/wp\/v2\/types\/page"}],"author":[{"embeddable":true,"href":"https:\/\/professional.vvardis.com\/fr\/wp-json\/wp\/v2\/users\/15"}],"replies":[{"embeddable":true,"href":"https:\/\/professional.vvardis.com\/fr\/wp-json\/wp\/v2\/comments?post=65744"}],"version-history":[{"count":10,"href":"https:\/\/professional.vvardis.com\/fr\/wp-json\/wp\/v2\/pages\/65744\/revisions"}],"predecessor-version":[{"id":65755,"href":"https:\/\/professional.vvardis.com\/fr\/wp-json\/wp\/v2\/pages\/65744\/revisions\/65755"}],"wp:attachment":[{"href":"https:\/\/professional.vvardis.com\/fr\/wp-json\/wp\/v2\/media?parent=65744"}],"curies":[{"name":"wp","href":"https:\/\/api.w.org\/{rel}","templated":true}]}}